{"id":85,"date":"2024-05-08T09:56:52","date_gmt":"2024-05-08T09:56:52","guid":{"rendered":"https:\/\/www.deski.fi\/?page_id=85"},"modified":"2026-01-07T22:47:08","modified_gmt":"2026-01-07T20:47:08","slug":"tilaa-tiedotteita","status":"publish","type":"page","link":"https:\/\/www.deski.fi\/?page_id=85","title":{"rendered":"Mik\u00e4 on Deski.fi?"},"content":{"rendered":"\t\t<div data-elementor-type=\"wp-page\" data-elementor-id=\"85\" class=\"elementor elementor-85\">\n\t\t\t\t<div class=\"elementor-element elementor-element-0f6695e e-con-full e-flex e-con e-parent\" data-id=\"0f6695e\" data-element_type=\"container\" data-e-type=\"container\" data-settings=\"{&quot;background_background&quot;:&quot;classic&quot;}\">\n\t\t\t\t<div class=\"elementor-element elementor-element-8096922 exad-sticky-section-no exad-glass-effect-no elementor-widget elementor-widget-heading\" data-id=\"8096922\" data-element_type=\"widget\" data-e-type=\"widget\" data-widget_type=\"heading.default\">\n\t\t\t\t<div class=\"elementor-widget-container\">\n\t\t\t\t\t<p class=\"elementor-heading-title elementor-size-default\"><font size=\"+1\"><br><strong>Deski.fi on Suomen edullisin tiedotuskanava*<\/strong><\/font>\n<br><br>Kun yrityksell\u00e4mme on hyvi\u00e4 uutisia tai t\u00e4rkeit\u00e4 asioita kerrottavana, niin miell\u00e4mme nostamme profiiliamme ja hankimme positiivista julkisuutta kertomalla tarinamme my\u00f6s muille.<br><br>\n\nMeill\u00e4 on nyt tarjota Sinulle positiivinen uutinen. Olemme rakentaneet yksinkertaisen ja tehokkaan tiedotepalvelualustan, joka on maksutta k\u00e4yt\u00f6ss\u00e4si vuoden 2026 loppuun saakka. <br><br>\n\nRiippumatta toimialasta tai yrityksesi koosta, voit saada runsaasti hy\u00f6tyj\u00e4 k\u00e4ytt\u00e4m\u00e4ll\u00e4 Deski.fi -tiedotejakelupalvelua.<br><br>\n\nDeski.fi:n avulla viestisi tavoittaa ammatti- ja freelancer-toimittajat, uutishuoneet, uutissivustot, bloggaajat ja sosiaalisen median verkostot.<br><br><br>\n\n<strong><font size=\"+1\">Deski.fi on suomalainen tiedotuskanava<br><br><\/font><\/strong>\n\nOnpa kohderyhm\u00e4si t\u00e4ysin paikallinen tai koko kotimaamme kokoinen, on Deski.fi sinulle toimiva tiedostuskanava. Online-uutishuoneemme on rakennettu optimoiden suomalaisten toimittajien toiveita ja tarpeita. Deski.fi toimii sek\u00e4 uutissivustoa ett\u00e4 toimittajien ideasivustona. Deski.fi on my\u00f6s 'toimittajan paras apulainen'.<br><br><br>\n\n<strong><font size=\"+1\">Deski.fi on nyt ilmainen ja aina edullinen<br><br><\/font><\/strong>\n\nTotta. Tiedotteen l\u00e4hett\u00e4minen Deski.fi:n kautta on vuoden 2026 loppuun t\u00e4ysin ilmaista. Emme rajoita tiedotteittesi m\u00e4\u00e4r\u00e4\u00e4 tai kokoa, mutta annamme mielell\u00e4mme parhaat vinkit tehokkaan tiedotteen laatimiseksi. Uutisesi julkaisemisesta p\u00e4\u00e4tt\u00e4v\u00e4t eri medioiden toimittajat tarinasi perusteella, joten maksimaalisen n\u00e4kyvyyden saavuttamiseksi kannattaa sis\u00e4lt\u00f6\u00f6n todellakin panostaa.<br><br><br>\n\n<font size=\"+1\"><strong>Deski.fi on paljon meteli\u00e4 v\u00e4h\u00e4ll\u00e4 vaivalla<br><br><\/strong><\/font>\n\nDeski.fi sopii kaikenkokoisille toimijoille, yhdistyksille, yrityksille ja markkinointitoimistoille, jotka haluavat lis\u00e4t\u00e4 n\u00e4kyvyytt\u00e4\u00e4n, tietoisuuttaan ja l\u00e4sn\u00e4oloaan. Deski.fi auttaa Sinua tavoittamaan mahdollisimman suuren yleis\u00f6n v\u00e4h\u00e4ll\u00e4 vaivalla.\n<\/p>\t\t\t\t<\/div>\n\t\t\t\t<\/div>\n\t\t\t\t<\/div>\n\t\t\t\t<\/div>\n\t\t","protected":false},"excerpt":{"rendered":"<p>Deski.fi on Suomen edullisin tiedotuskanava* Kun yrityksell\u00e4mme on hyvi\u00e4 uutisia tai t\u00e4rkeit\u00e4 asioita kerrottavana, niin miell\u00e4mme nostamme profiiliamme ja hankimme positiivista julkisuutta kertomalla tarinamme my\u00f6s muille. Meill\u00e4 on nyt tarjota Sinulle positiivinen uutinen. [&hellip;]<\/p>\n","protected":false},"author":1,"featured_media":0,"parent":0,"menu_order":0,"comment_status":"closed","ping_status":"closed","template":"","meta":{"footnotes":""},"class_list":["post-85","page","type-page","status-publish","hentry"],"yoast_head":"<!-- This site is optimized with the Yoast SEO plugin v27.5 - https:\/\/yoast.com\/product\/yoast-seo-wordpress\/ -->\n<title>Mik\u00e4 on Deski.fi? - deski.fi<\/title>\n<meta name=\"robots\" content=\"index, follow, max-snippet:-1, max-image-preview:large, max-video-preview:-1\" \/>\n<link rel=\"canonical\" href=\"http:\/\/www.deski.fi\/?page_id=85\" \/>\n<meta property=\"og:locale\" content=\"fi_FI\" \/>\n<meta property=\"og:type\" content=\"article\" \/>\n<meta property=\"og:title\" content=\"Mik\u00e4 on Deski.fi? - deski.fi\" \/>\n<meta property=\"og:description\" content=\"Deski.fi on Suomen edullisin tiedotuskanava* Kun yrityksell\u00e4mme on hyvi\u00e4 uutisia tai t\u00e4rkeit\u00e4 asioita kerrottavana, niin miell\u00e4mme nostamme profiiliamme ja hankimme positiivista julkisuutta kertomalla tarinamme my\u00f6s muille. Meill\u00e4 on nyt tarjota Sinulle positiivinen uutinen. [&hellip;]\" \/>\n<meta property=\"og:url\" content=\"http:\/\/www.deski.fi\/?page_id=85\" \/>\n<meta property=\"og:site_name\" content=\"deski.fi\" \/>\n<meta property=\"article:modified_time\" content=\"2026-01-07T20:47:08+00:00\" \/>\n<meta name=\"twitter:card\" content=\"summary_large_image\" \/>\n<meta name=\"twitter:label1\" content=\"Arvioitu lukuaika\" \/>\n\t<meta name=\"twitter:data1\" content=\"2 minuuttia\" \/>\n<script type=\"application\/ld+json\" class=\"yoast-schema-graph\">{\"@context\":\"https:\\\/\\\/schema.org\",\"@graph\":[{\"@type\":\"WebPage\",\"@id\":\"http:\\\/\\\/www.deski.fi\\\/?page_id=85\",\"url\":\"http:\\\/\\\/www.deski.fi\\\/?page_id=85\",\"name\":\"Mik\u00e4 on Deski.fi? - deski.fi\",\"isPartOf\":{\"@id\":\"https:\\\/\\\/www.deski.fi\\\/#website\"},\"datePublished\":\"2024-05-08T09:56:52+00:00\",\"dateModified\":\"2026-01-07T20:47:08+00:00\",\"breadcrumb\":{\"@id\":\"http:\\\/\\\/www.deski.fi\\\/?page_id=85#breadcrumb\"},\"inLanguage\":\"fi\",\"potentialAction\":[{\"@type\":\"ReadAction\",\"target\":[\"http:\\\/\\\/www.deski.fi\\\/?page_id=85\"]}]},{\"@type\":\"BreadcrumbList\",\"@id\":\"http:\\\/\\\/www.deski.fi\\\/?page_id=85#breadcrumb\",\"itemListElement\":[{\"@type\":\"ListItem\",\"position\":1,\"name\":\"Etusivu\",\"item\":\"https:\\\/\\\/www.deski.fi\\\/\"},{\"@type\":\"ListItem\",\"position\":2,\"name\":\"Mik\u00e4 on Deski.fi?\"}]},{\"@type\":\"WebSite\",\"@id\":\"https:\\\/\\\/www.deski.fi\\\/#website\",\"url\":\"https:\\\/\\\/www.deski.fi\\\/\",\"name\":\"deski.fi\",\"description\":\"Kaikki tiedotteet yhdess&auml; paikassa.\",\"potentialAction\":[{\"@type\":\"SearchAction\",\"target\":{\"@type\":\"EntryPoint\",\"urlTemplate\":\"https:\\\/\\\/www.deski.fi\\\/?s={search_term_string}\"},\"query-input\":{\"@type\":\"PropertyValueSpecification\",\"valueRequired\":true,\"valueName\":\"search_term_string\"}}],\"inLanguage\":\"fi\"}]}<\/script>\n<!-- \/ Yoast SEO plugin. -->","yoast_head_json":{"title":"Mik\u00e4 on Deski.fi? - deski.fi","robots":{"index":"index","follow":"follow","max-snippet":"max-snippet:-1","max-image-preview":"max-image-preview:large","max-video-preview":"max-video-preview:-1"},"canonical":"http:\/\/www.deski.fi\/?page_id=85","og_locale":"fi_FI","og_type":"article","og_title":"Mik\u00e4 on Deski.fi? - deski.fi","og_description":"Deski.fi on Suomen edullisin tiedotuskanava* Kun yrityksell\u00e4mme on hyvi\u00e4 uutisia tai t\u00e4rkeit\u00e4 asioita kerrottavana, niin miell\u00e4mme nostamme profiiliamme ja hankimme positiivista julkisuutta kertomalla tarinamme my\u00f6s muille. Meill\u00e4 on nyt tarjota Sinulle positiivinen uutinen. [&hellip;]","og_url":"http:\/\/www.deski.fi\/?page_id=85","og_site_name":"deski.fi","article_modified_time":"2026-01-07T20:47:08+00:00","twitter_card":"summary_large_image","twitter_misc":{"Arvioitu lukuaika":"2 minuuttia"},"schema":{"@context":"https:\/\/schema.org","@graph":[{"@type":"WebPage","@id":"http:\/\/www.deski.fi\/?page_id=85","url":"http:\/\/www.deski.fi\/?page_id=85","name":"Mik\u00e4 on Deski.fi? - deski.fi","isPartOf":{"@id":"https:\/\/www.deski.fi\/#website"},"datePublished":"2024-05-08T09:56:52+00:00","dateModified":"2026-01-07T20:47:08+00:00","breadcrumb":{"@id":"http:\/\/www.deski.fi\/?page_id=85#breadcrumb"},"inLanguage":"fi","potentialAction":[{"@type":"ReadAction","target":["http:\/\/www.deski.fi\/?page_id=85"]}]},{"@type":"BreadcrumbList","@id":"http:\/\/www.deski.fi\/?page_id=85#breadcrumb","itemListElement":[{"@type":"ListItem","position":1,"name":"Etusivu","item":"https:\/\/www.deski.fi\/"},{"@type":"ListItem","position":2,"name":"Mik\u00e4 on Deski.fi?"}]},{"@type":"WebSite","@id":"https:\/\/www.deski.fi\/#website","url":"https:\/\/www.deski.fi\/","name":"deski.fi","description":"Kaikki tiedotteet yhdess&auml; paikassa.","potentialAction":[{"@type":"SearchAction","target":{"@type":"EntryPoint","urlTemplate":"https:\/\/www.deski.fi\/?s={search_term_string}"},"query-input":{"@type":"PropertyValueSpecification","valueRequired":true,"valueName":"search_term_string"}}],"inLanguage":"fi"}]}},"jetpack_sharing_enabled":true,"_links":{"self":[{"href":"https:\/\/www.deski.fi\/index.php?rest_route=\/wp\/v2\/pages\/85","targetHints":{"allow":["GET"]}}],"collection":[{"href":"https:\/\/www.deski.fi\/index.php?rest_route=\/wp\/v2\/pages"}],"about":[{"href":"https:\/\/www.deski.fi\/index.php?rest_route=\/wp\/v2\/types\/page"}],"author":[{"embeddable":true,"href":"https:\/\/www.deski.fi\/index.php?rest_route=\/wp\/v2\/users\/1"}],"replies":[{"embeddable":true,"href":"https:\/\/www.deski.fi\/index.php?rest_route=%2Fwp%2Fv2%2Fcomments&post=85"}],"version-history":[{"count":15,"href":"https:\/\/www.deski.fi\/index.php?rest_route=\/wp\/v2\/pages\/85\/revisions"}],"predecessor-version":[{"id":15431,"href":"https:\/\/www.deski.fi\/index.php?rest_route=\/wp\/v2\/pages\/85\/revisions\/15431"}],"wp:attachment":[{"href":"https:\/\/www.deski.fi\/index.php?rest_route=%2Fwp%2Fv2%2Fmedia&parent=85"}],"curies":[{"name":"wp","href":"https:\/\/api.w.org\/{rel}","templated":true}]}}