{"id":276,"date":"2024-05-14T11:39:11","date_gmt":"2024-05-14T11:39:11","guid":{"rendered":"https:\/\/www.deski.fi\/?page_id=276"},"modified":"2026-01-07T22:49:57","modified_gmt":"2026-01-07T20:49:57","slug":"laheta-tiedote","status":"publish","type":"page","link":"https:\/\/www.deski.fi\/?page_id=276","title":{"rendered":"L\u00e4het\u00e4 Tiedote"},"content":{"rendered":"\t\t<div data-elementor-type=\"wp-page\" data-elementor-id=\"276\" class=\"elementor elementor-276\">\n\t\t\t\t<div class=\"elementor-element elementor-element-a2a3617 e-flex e-con-boxed e-con e-parent\" data-id=\"a2a3617\" data-element_type=\"container\" data-e-type=\"container\">\n\t\t\t\t\t<div class=\"e-con-inner\">\n\t\t\t\t<div class=\"elementor-element elementor-element-362e786 exad-sticky-section-no exad-glass-effect-no elementor-widget elementor-widget-text-editor\" data-id=\"362e786\" data-element_type=\"widget\" data-e-type=\"widget\" data-widget_type=\"text-editor.default\">\n\t\t\t\t<div class=\"elementor-widget-container\">\n\t\t\t\t\t\t\t\t\t<p>Rekister\u00f6ityneen\u00e4 k\u00e4ytt\u00e4j\u00e4n\u00e4 voit julkaista tiedotteesi suoraan t\u00e4st\u00e4. Huomaa, ett\u00e4 rekister\u00f6ityneen k\u00e4ytt\u00e4j\u00e4n l\u00e4hett\u00e4m\u00e4 tiedote julkaistaan ilman viivett\u00e4. Mik\u00e4li et ole viel\u00e4 reskister\u00f6itynyt deski.fi:n k\u00e4ytt\u00e4j\u00e4ksi, siirtyy tiedotteesi hyv\u00e4ksytt\u00e4v\u00e4ksi ennen sen julkaisemista. Voit my\u00f6s aina l\u00e4hett\u00e4\u00e4 tiedotteesi s\u00e4hk\u00f6postitse: tiedote(a)deski.fi.<\/p><p>Muut yhteydenotot: info(a)deski.fi<\/p>\t\t\t\t\t\t\t\t<\/div>\n\t\t\t\t<\/div>\n\t\t\t\t\t<\/div>\n\t\t\t\t<\/div>\n\t\t<div class=\"elementor-element elementor-element-95604ff e-flex e-con-boxed e-con e-parent\" data-id=\"95604ff\" data-element_type=\"container\" data-e-type=\"container\">\n\t\t\t\t\t<div class=\"e-con-inner\">\n\t\t\t\t<div class=\"elementor-element elementor-element-9d91eb8 exad-sticky-section-no exad-glass-effect-no elementor-widget elementor-widget-heading\" data-id=\"9d91eb8\" data-element_type=\"widget\" data-e-type=\"widget\" data-widget_type=\"heading.default\">\n\t\t\t\t<div class=\"elementor-widget-container\">\n\t\t\t\t\t<p class=\"elementor-heading-title elementor-size-default\"><p>Please <a href=\"https:\/\/www.deski.fi\/wp-login.php\">log in<\/a> to submit content!<\/p><\/p>\t\t\t\t<\/div>\n\t\t\t\t<\/div>\n\t\t\t\t\t<\/div>\n\t\t\t\t<\/div>\n\t\t\t\t<\/div>\n\t\t","protected":false},"excerpt":{"rendered":"<p>Rekister\u00f6ityneen\u00e4 k\u00e4ytt\u00e4j\u00e4n\u00e4 voit julkaista tiedotteesi suoraan t\u00e4st\u00e4. Huomaa, ett\u00e4 rekister\u00f6ityneen k\u00e4ytt\u00e4j\u00e4n l\u00e4hett\u00e4m\u00e4 tiedote julkaistaan ilman viivett\u00e4. Mik\u00e4li et ole viel\u00e4 reskister\u00f6itynyt deski.fi:n k\u00e4ytt\u00e4j\u00e4ksi, siirtyy tiedotteesi hyv\u00e4ksytt\u00e4v\u00e4ksi ennen sen julkaisemista. Voit my\u00f6s aina l\u00e4hett\u00e4\u00e4 [&hellip;]<\/p>\n","protected":false},"author":1,"featured_media":0,"parent":0,"menu_order":0,"comment_status":"closed","ping_status":"closed","template":"","meta":{"footnotes":""},"class_list":["post-276","page","type-page","status-publish","hentry"],"yoast_head":"<!-- This site is optimized with the Yoast SEO plugin v27.4 - https:\/\/yoast.com\/product\/yoast-seo-wordpress\/ -->\n<title>L\u00e4het\u00e4 Tiedote - deski.fi<\/title>\n<meta name=\"robots\" content=\"index, follow, max-snippet:-1, max-image-preview:large, max-video-preview:-1\" \/>\n<link rel=\"canonical\" href=\"http:\/\/www.deski.fi\/?page_id=276\" \/>\n<meta property=\"og:locale\" content=\"fi_FI\" \/>\n<meta property=\"og:type\" content=\"article\" \/>\n<meta property=\"og:title\" content=\"L\u00e4het\u00e4 Tiedote - deski.fi\" \/>\n<meta property=\"og:description\" content=\"Rekister\u00f6ityneen\u00e4 k\u00e4ytt\u00e4j\u00e4n\u00e4 voit julkaista tiedotteesi suoraan t\u00e4st\u00e4. Huomaa, ett\u00e4 rekister\u00f6ityneen k\u00e4ytt\u00e4j\u00e4n l\u00e4hett\u00e4m\u00e4 tiedote julkaistaan ilman viivett\u00e4. Mik\u00e4li et ole viel\u00e4 reskister\u00f6itynyt deski.fi:n k\u00e4ytt\u00e4j\u00e4ksi, siirtyy tiedotteesi hyv\u00e4ksytt\u00e4v\u00e4ksi ennen sen julkaisemista. Voit my\u00f6s aina l\u00e4hett\u00e4\u00e4 [&hellip;]\" \/>\n<meta property=\"og:url\" content=\"http:\/\/www.deski.fi\/?page_id=276\" \/>\n<meta property=\"og:site_name\" content=\"deski.fi\" \/>\n<meta property=\"article:modified_time\" content=\"2026-01-07T20:49:57+00:00\" \/>\n<meta name=\"twitter:card\" content=\"summary_large_image\" \/>\n<meta name=\"twitter:label1\" content=\"Arvioitu lukuaika\" \/>\n\t<meta name=\"twitter:data1\" content=\"1 minuutti\" \/>\n<script type=\"application\/ld+json\" class=\"yoast-schema-graph\">{\"@context\":\"https:\\\/\\\/schema.org\",\"@graph\":[{\"@type\":\"WebPage\",\"@id\":\"http:\\\/\\\/www.deski.fi\\\/?page_id=276\",\"url\":\"http:\\\/\\\/www.deski.fi\\\/?page_id=276\",\"name\":\"L\u00e4het\u00e4 Tiedote - deski.fi\",\"isPartOf\":{\"@id\":\"https:\\\/\\\/www.deski.fi\\\/#website\"},\"datePublished\":\"2024-05-14T11:39:11+00:00\",\"dateModified\":\"2026-01-07T20:49:57+00:00\",\"breadcrumb\":{\"@id\":\"http:\\\/\\\/www.deski.fi\\\/?page_id=276#breadcrumb\"},\"inLanguage\":\"fi\",\"potentialAction\":[{\"@type\":\"ReadAction\",\"target\":[\"http:\\\/\\\/www.deski.fi\\\/?page_id=276\"]}]},{\"@type\":\"BreadcrumbList\",\"@id\":\"http:\\\/\\\/www.deski.fi\\\/?page_id=276#breadcrumb\",\"itemListElement\":[{\"@type\":\"ListItem\",\"position\":1,\"name\":\"Etusivu\",\"item\":\"https:\\\/\\\/www.deski.fi\\\/\"},{\"@type\":\"ListItem\",\"position\":2,\"name\":\"L\u00e4het\u00e4 Tiedote\"}]},{\"@type\":\"WebSite\",\"@id\":\"https:\\\/\\\/www.deski.fi\\\/#website\",\"url\":\"https:\\\/\\\/www.deski.fi\\\/\",\"name\":\"deski.fi\",\"description\":\"Kaikki tiedotteet yhdess&auml; paikassa.\",\"potentialAction\":[{\"@type\":\"SearchAction\",\"target\":{\"@type\":\"EntryPoint\",\"urlTemplate\":\"https:\\\/\\\/www.deski.fi\\\/?s={search_term_string}\"},\"query-input\":{\"@type\":\"PropertyValueSpecification\",\"valueRequired\":true,\"valueName\":\"search_term_string\"}}],\"inLanguage\":\"fi\"}]}<\/script>\n<!-- \/ Yoast SEO plugin. -->","yoast_head_json":{"title":"L\u00e4het\u00e4 Tiedote - deski.fi","robots":{"index":"index","follow":"follow","max-snippet":"max-snippet:-1","max-image-preview":"max-image-preview:large","max-video-preview":"max-video-preview:-1"},"canonical":"http:\/\/www.deski.fi\/?page_id=276","og_locale":"fi_FI","og_type":"article","og_title":"L\u00e4het\u00e4 Tiedote - deski.fi","og_description":"Rekister\u00f6ityneen\u00e4 k\u00e4ytt\u00e4j\u00e4n\u00e4 voit julkaista tiedotteesi suoraan t\u00e4st\u00e4. Huomaa, ett\u00e4 rekister\u00f6ityneen k\u00e4ytt\u00e4j\u00e4n l\u00e4hett\u00e4m\u00e4 tiedote julkaistaan ilman viivett\u00e4. Mik\u00e4li et ole viel\u00e4 reskister\u00f6itynyt deski.fi:n k\u00e4ytt\u00e4j\u00e4ksi, siirtyy tiedotteesi hyv\u00e4ksytt\u00e4v\u00e4ksi ennen sen julkaisemista. Voit my\u00f6s aina l\u00e4hett\u00e4\u00e4 [&hellip;]","og_url":"http:\/\/www.deski.fi\/?page_id=276","og_site_name":"deski.fi","article_modified_time":"2026-01-07T20:49:57+00:00","twitter_card":"summary_large_image","twitter_misc":{"Arvioitu lukuaika":"1 minuutti"},"schema":{"@context":"https:\/\/schema.org","@graph":[{"@type":"WebPage","@id":"http:\/\/www.deski.fi\/?page_id=276","url":"http:\/\/www.deski.fi\/?page_id=276","name":"L\u00e4het\u00e4 Tiedote - deski.fi","isPartOf":{"@id":"https:\/\/www.deski.fi\/#website"},"datePublished":"2024-05-14T11:39:11+00:00","dateModified":"2026-01-07T20:49:57+00:00","breadcrumb":{"@id":"http:\/\/www.deski.fi\/?page_id=276#breadcrumb"},"inLanguage":"fi","potentialAction":[{"@type":"ReadAction","target":["http:\/\/www.deski.fi\/?page_id=276"]}]},{"@type":"BreadcrumbList","@id":"http:\/\/www.deski.fi\/?page_id=276#breadcrumb","itemListElement":[{"@type":"ListItem","position":1,"name":"Etusivu","item":"https:\/\/www.deski.fi\/"},{"@type":"ListItem","position":2,"name":"L\u00e4het\u00e4 Tiedote"}]},{"@type":"WebSite","@id":"https:\/\/www.deski.fi\/#website","url":"https:\/\/www.deski.fi\/","name":"deski.fi","description":"Kaikki tiedotteet yhdess&auml; paikassa.","potentialAction":[{"@type":"SearchAction","target":{"@type":"EntryPoint","urlTemplate":"https:\/\/www.deski.fi\/?s={search_term_string}"},"query-input":{"@type":"PropertyValueSpecification","valueRequired":true,"valueName":"search_term_string"}}],"inLanguage":"fi"}]}},"jetpack_sharing_enabled":true,"_links":{"self":[{"href":"https:\/\/www.deski.fi\/index.php?rest_route=\/wp\/v2\/pages\/276","targetHints":{"allow":["GET"]}}],"collection":[{"href":"https:\/\/www.deski.fi\/index.php?rest_route=\/wp\/v2\/pages"}],"about":[{"href":"https:\/\/www.deski.fi\/index.php?rest_route=\/wp\/v2\/types\/page"}],"author":[{"embeddable":true,"href":"https:\/\/www.deski.fi\/index.php?rest_route=\/wp\/v2\/users\/1"}],"replies":[{"embeddable":true,"href":"https:\/\/www.deski.fi\/index.php?rest_route=%2Fwp%2Fv2%2Fcomments&post=276"}],"version-history":[{"count":9,"href":"https:\/\/www.deski.fi\/index.php?rest_route=\/wp\/v2\/pages\/276\/revisions"}],"predecessor-version":[{"id":15434,"href":"https:\/\/www.deski.fi\/index.php?rest_route=\/wp\/v2\/pages\/276\/revisions\/15434"}],"wp:attachment":[{"href":"https:\/\/www.deski.fi\/index.php?rest_route=%2Fwp%2Fv2%2Fmedia&parent=276"}],"curies":[{"name":"wp","href":"https:\/\/api.w.org\/{rel}","templated":true}]}}